{"id":3582,"date":"2023-01-26T09:06:06","date_gmt":"2023-01-26T07:07:44","guid":{"rendered":"https:\/\/parnubay.com\/?post_type=product&#038;p=3582"},"modified":"2023-01-26T09:15:10","modified_gmt":"2023-01-26T07:15:10","slug":"taiusliku-paeva-kinkekaart-100","status":"publish","type":"product","link":"https:\/\/parnubay.com\/et\/toode\/taiusliku-paeva-kinkekaart-100\/","title":{"rendered":"T\u00e4iusliku p\u00e4eva kinkekaart"},"content":{"rendered":"","protected":false},"excerpt":{"rendered":"<p>Tule m\u00e4ngi P\u00e4rnu Bay Golf Linksi v\u00e4ljakul golfi ja naudi maitsvat toitu restoranis Eagle.<\/p>\n<p>Pakume Sulle t\u00e4iusliku p\u00e4eva elamuse!<\/p>\n<p>Kinkekaardiga saad tasuda golfi ja restorani teenuste eest.<\/p>\n","protected":false},"featured_media":0,"template":"","meta":{"_acf_changed":false,"inline_featured_image":false},"product_brand":[],"product_cat":[21],"product_tag":[],"class_list":{"0":"post-3582","1":"product","2":"type-product","3":"status-publish","5":"product_cat-kinkekaardid","7":"first","8":"instock","9":"shipping-taxable","10":"purchasable","11":"product-type-simple"},"acf":[],"yoast_head":"<!-- This site is optimized with the Yoast SEO plugin v27.3 - https:\/\/yoast.com\/product\/yoast-seo-wordpress\/ -->\n<title>T\u00e4iusliku p\u00e4eva kinkekaart | P\u00e4rnu Bay Golf Links<\/title>\n<meta name=\"robots\" content=\"index, follow, max-snippet:-1, max-image-preview:large, max-video-preview:-1\" \/>\n<link rel=\"canonical\" href=\"https:\/\/parnubay.com\/et\/toode\/taiusliku-paeva-kinkekaart-100\/\" \/>\n<meta property=\"og:locale\" content=\"et_EE\" \/>\n<meta property=\"og:type\" content=\"article\" \/>\n<meta property=\"og:title\" content=\"T\u00e4iusliku p\u00e4eva kinkekaart | P\u00e4rnu Bay Golf Links\" \/>\n<meta property=\"og:description\" content=\"Tule m\u00e4ngi P\u00e4rnu Bay Golf Linksi v\u00e4ljakul golfi ja naudi maitsvat toitu restoranis Eagle.  Pakume Sulle t\u00e4iusliku p\u00e4eva elamuse!  Kinkekaardiga saad tasuda golfi ja restorani teenuste eest.\" \/>\n<meta property=\"og:url\" content=\"https:\/\/parnubay.com\/et\/toode\/taiusliku-paeva-kinkekaart-100\/\" \/>\n<meta property=\"og:site_name\" content=\"P\u00e4rnu Bay Golf Links\" \/>\n<meta property=\"article:publisher\" content=\"https:\/\/www.facebook.com\/ParnuBay\/\" \/>\n<meta property=\"article:modified_time\" content=\"2023-01-26T07:15:10+00:00\" \/>\n<meta property=\"og:image\" content=\"https:\/\/parnubay.com\/wp-content\/uploads\/2018\/03\/100.png\" \/>\n\t<meta property=\"og:image:width\" content=\"1160\" \/>\n\t<meta property=\"og:image:height\" content=\"640\" \/>\n\t<meta property=\"og:image:type\" content=\"image\/png\" \/>\n<meta name=\"twitter:card\" content=\"summary_large_image\" \/>\n<meta name=\"twitter:site\" content=\"@ParnuBay\" \/>\n<script type=\"application\/ld+json\" class=\"yoast-schema-graph\">{\"@context\":\"https:\\\/\\\/schema.org\",\"@graph\":[{\"@type\":\"WebPage\",\"@id\":\"https:\\\/\\\/parnubay.com\\\/et\\\/toode\\\/taiusliku-paeva-kinkekaart-100\\\/\",\"url\":\"https:\\\/\\\/parnubay.com\\\/et\\\/toode\\\/taiusliku-paeva-kinkekaart-100\\\/\",\"name\":\"T\u00e4iusliku p\u00e4eva kinkekaart | P\u00e4rnu Bay Golf Links\",\"isPartOf\":{\"@id\":\"https:\\\/\\\/parnubay.com\\\/#website\"},\"datePublished\":\"2023-01-26T07:07:44+00:00\",\"dateModified\":\"2023-01-26T07:15:10+00:00\",\"breadcrumb\":{\"@id\":\"https:\\\/\\\/parnubay.com\\\/et\\\/toode\\\/taiusliku-paeva-kinkekaart-100\\\/#breadcrumb\"},\"inLanguage\":\"et\",\"potentialAction\":[{\"@type\":\"ReadAction\",\"target\":[\"https:\\\/\\\/parnubay.com\\\/et\\\/toode\\\/taiusliku-paeva-kinkekaart-100\\\/\"]}]},{\"@type\":\"BreadcrumbList\",\"@id\":\"https:\\\/\\\/parnubay.com\\\/et\\\/toode\\\/taiusliku-paeva-kinkekaart-100\\\/#breadcrumb\",\"itemListElement\":[{\"@type\":\"ListItem\",\"position\":1,\"name\":\"Home\",\"item\":\"https:\\\/\\\/parnubay.com\\\/et\\\/\"},{\"@type\":\"ListItem\",\"position\":2,\"name\":\"Shop\",\"item\":\"https:\\\/\\\/parnubay.com\\\/et\\\/?page_id=3592\"},{\"@type\":\"ListItem\",\"position\":3,\"name\":\"T\u00e4iusliku p\u00e4eva kinkekaart\"}]},{\"@type\":\"WebSite\",\"@id\":\"https:\\\/\\\/parnubay.com\\\/#website\",\"url\":\"https:\\\/\\\/parnubay.com\\\/\",\"name\":\"P\u00e4rnu Bay Golf Links\",\"description\":\"\",\"publisher\":{\"@id\":\"https:\\\/\\\/parnubay.com\\\/#organization\"},\"potentialAction\":[{\"@type\":\"SearchAction\",\"target\":{\"@type\":\"EntryPoint\",\"urlTemplate\":\"https:\\\/\\\/parnubay.com\\\/?s={search_term_string}\"},\"query-input\":{\"@type\":\"PropertyValueSpecification\",\"valueRequired\":true,\"valueName\":\"search_term_string\"}}],\"inLanguage\":\"et\"},{\"@type\":\"Organization\",\"@id\":\"https:\\\/\\\/parnubay.com\\\/#organization\",\"name\":\"P\u00e4rnu Bay Golf Links\",\"url\":\"https:\\\/\\\/parnubay.com\\\/\",\"logo\":{\"@type\":\"ImageObject\",\"inLanguage\":\"et\",\"@id\":\"https:\\\/\\\/parnubay.com\\\/#\\\/schema\\\/logo\\\/image\\\/\",\"url\":\"https:\\\/\\\/parnubay.com\\\/wp-content\\\/uploads\\\/2017\\\/12\\\/screenshot.png\",\"contentUrl\":\"https:\\\/\\\/parnubay.com\\\/wp-content\\\/uploads\\\/2017\\\/12\\\/screenshot.png\",\"width\":859,\"height\":612,\"caption\":\"P\u00e4rnu Bay Golf Links\"},\"image\":{\"@id\":\"https:\\\/\\\/parnubay.com\\\/#\\\/schema\\\/logo\\\/image\\\/\"},\"sameAs\":[\"https:\\\/\\\/www.facebook.com\\\/ParnuBay\\\/\",\"https:\\\/\\\/x.com\\\/ParnuBay\",\"https:\\\/\\\/www.instagram.com\\\/parnubaygolflinks\\\/\",\"https:\\\/\\\/www.youtube.com\\\/channel\\\/UCM-Rz7LmoglcOaA6flIDiJQ\"]}]}<\/script>\n<!-- \/ Yoast SEO plugin. -->","yoast_head_json":{"title":"T\u00e4iusliku p\u00e4eva kinkekaart | P\u00e4rnu Bay Golf Links","robots":{"index":"index","follow":"follow","max-snippet":"max-snippet:-1","max-image-preview":"max-image-preview:large","max-video-preview":"max-video-preview:-1"},"canonical":"https:\/\/parnubay.com\/et\/toode\/taiusliku-paeva-kinkekaart-100\/","og_locale":"et_EE","og_type":"article","og_title":"T\u00e4iusliku p\u00e4eva kinkekaart | P\u00e4rnu Bay Golf Links","og_description":"Tule m\u00e4ngi P\u00e4rnu Bay Golf Linksi v\u00e4ljakul golfi ja naudi maitsvat toitu restoranis Eagle.  Pakume Sulle t\u00e4iusliku p\u00e4eva elamuse!  Kinkekaardiga saad tasuda golfi ja restorani teenuste eest.","og_url":"https:\/\/parnubay.com\/et\/toode\/taiusliku-paeva-kinkekaart-100\/","og_site_name":"P\u00e4rnu Bay Golf Links","article_publisher":"https:\/\/www.facebook.com\/ParnuBay\/","article_modified_time":"2023-01-26T07:15:10+00:00","og_image":[{"width":1160,"height":640,"url":"https:\/\/parnubay.com\/wp-content\/uploads\/2018\/03\/100.png","type":"image\/png"}],"twitter_card":"summary_large_image","twitter_site":"@ParnuBay","schema":{"@context":"https:\/\/schema.org","@graph":[{"@type":"WebPage","@id":"https:\/\/parnubay.com\/et\/toode\/taiusliku-paeva-kinkekaart-100\/","url":"https:\/\/parnubay.com\/et\/toode\/taiusliku-paeva-kinkekaart-100\/","name":"T\u00e4iusliku p\u00e4eva kinkekaart | P\u00e4rnu Bay Golf Links","isPartOf":{"@id":"https:\/\/parnubay.com\/#website"},"datePublished":"2023-01-26T07:07:44+00:00","dateModified":"2023-01-26T07:15:10+00:00","breadcrumb":{"@id":"https:\/\/parnubay.com\/et\/toode\/taiusliku-paeva-kinkekaart-100\/#breadcrumb"},"inLanguage":"et","potentialAction":[{"@type":"ReadAction","target":["https:\/\/parnubay.com\/et\/toode\/taiusliku-paeva-kinkekaart-100\/"]}]},{"@type":"BreadcrumbList","@id":"https:\/\/parnubay.com\/et\/toode\/taiusliku-paeva-kinkekaart-100\/#breadcrumb","itemListElement":[{"@type":"ListItem","position":1,"name":"Home","item":"https:\/\/parnubay.com\/et\/"},{"@type":"ListItem","position":2,"name":"Shop","item":"https:\/\/parnubay.com\/et\/?page_id=3592"},{"@type":"ListItem","position":3,"name":"T\u00e4iusliku p\u00e4eva kinkekaart"}]},{"@type":"WebSite","@id":"https:\/\/parnubay.com\/#website","url":"https:\/\/parnubay.com\/","name":"P\u00e4rnu Bay Golf Links","description":"","publisher":{"@id":"https:\/\/parnubay.com\/#organization"},"potentialAction":[{"@type":"SearchAction","target":{"@type":"EntryPoint","urlTemplate":"https:\/\/parnubay.com\/?s={search_term_string}"},"query-input":{"@type":"PropertyValueSpecification","valueRequired":true,"valueName":"search_term_string"}}],"inLanguage":"et"},{"@type":"Organization","@id":"https:\/\/parnubay.com\/#organization","name":"P\u00e4rnu Bay Golf Links","url":"https:\/\/parnubay.com\/","logo":{"@type":"ImageObject","inLanguage":"et","@id":"https:\/\/parnubay.com\/#\/schema\/logo\/image\/","url":"https:\/\/parnubay.com\/wp-content\/uploads\/2017\/12\/screenshot.png","contentUrl":"https:\/\/parnubay.com\/wp-content\/uploads\/2017\/12\/screenshot.png","width":859,"height":612,"caption":"P\u00e4rnu Bay Golf Links"},"image":{"@id":"https:\/\/parnubay.com\/#\/schema\/logo\/image\/"},"sameAs":["https:\/\/www.facebook.com\/ParnuBay\/","https:\/\/x.com\/ParnuBay","https:\/\/www.instagram.com\/parnubaygolflinks\/","https:\/\/www.youtube.com\/channel\/UCM-Rz7LmoglcOaA6flIDiJQ"]}]}},"_links":{"self":[{"href":"https:\/\/parnubay.com\/et\/wp-json\/wp\/v2\/product\/3582","targetHints":{"allow":["GET"]}}],"collection":[{"href":"https:\/\/parnubay.com\/et\/wp-json\/wp\/v2\/product"}],"about":[{"href":"https:\/\/parnubay.com\/et\/wp-json\/wp\/v2\/types\/product"}],"wp:attachment":[{"href":"https:\/\/parnubay.com\/et\/wp-json\/wp\/v2\/media?parent=3582"}],"wp:term":[{"taxonomy":"product_brand","embeddable":true,"href":"https:\/\/parnubay.com\/et\/wp-json\/wp\/v2\/product_brand?post=3582"},{"taxonomy":"product_cat","embeddable":true,"href":"https:\/\/parnubay.com\/et\/wp-json\/wp\/v2\/product_cat?post=3582"},{"taxonomy":"product_tag","embeddable":true,"href":"https:\/\/parnubay.com\/et\/wp-json\/wp\/v2\/product_tag?post=3582"}],"curies":[{"name":"wp","href":"https:\/\/api.w.org\/{rel}","templated":true}]}}